{"id":124,"date":"2018-03-27T18:15:43","date_gmt":"2018-03-27T21:15:43","guid":{"rendered":"http:\/\/lfdesigner.com.br\/?page_id=124"},"modified":"2019-02-13T12:26:51","modified_gmt":"2019-02-13T14:26:51","slug":"sobre","status":"publish","type":"page","link":"https:\/\/lfdesigner.com.br\/?page_id=124","title":{"rendered":"Sobre"},"content":{"rendered":"<section class=\"kc-elm kc-css-2102 kc_row\"><div class=\"kc-row-container  kc-container\"><div class=\"kc-wrap-columns\"><div class=\"kc-elm kc-css-609493 kc_col-sm-8 kc_column kc_col-sm-8\"><div class=\"kc-col-container\"><div class=\"kc-elm kc-css-595351 kc_text_block\"><\/p>\n<p style=\"text-align: justify;\">A LFDesigner \u00e9 um escrit\u00f3rio de comunica\u00e7\u00e3o que atua principalmente nas \u00e1reas de design gr\u00e1fico e web design, oferecendo aos clientes produtos como identidade visual, design de embalagens, e de superf\u00edcie. Nossos projetos web buscam o equil\u00edbrio entre design e funcionalidade e contam ainda com sistemas de gerenciamento de conte\u00fado personalizados.<\/p>\n<p style=\"text-align: justify;\">Dentre os servi\u00e7os prestados pela empresa, est\u00e3o: cria\u00e7\u00e3o de sites, loja virtual, manuten\u00e7\u00e3o\/atualiza\u00e7\u00e3o de sites, cria\u00e7\u00e3o de identidade visual, logotipo, folders e folhetos, cart\u00f5es tem\u00e1ticos e convites, cat\u00e1logos, banners, cartazes e sinaliza\u00e7\u00e3o em geral, capas e selos de livros\/CD\/DVD, diagrama\u00e7\u00e3o de revistas\/jornais\/etc.<\/p>\n<p>\n<\/div><\/div><\/div><div class=\"kc-elm kc-css-673720 kc_col-sm-4 kc_column kc_col-sm-4\"><div class=\"kc-col-container\"><div class=\"kc-elm kc-css-66527 kc_text_block\"><\/p>\n<p style=\"text-align: center;\"><a href=\"http:\/\/lfdesigner.com.br\/wp-content\/uploads\/2019\/02\/catalogo_catedral.pdf\" target=\"_blanck\"><img decoding=\"async\" class=\"alignnone size-medium\" src=\"http:\/\/lfdesigner.com.br\/wp-content\/uploads\/2019\/02\/catalogo.jpg\" alt=\"\" \/><\/a><br \/>\n<strong><span style=\"font-size: 13px;\">Cat\u00e1logo Catedral<\/span><\/strong><\/p>\n<p>\n<\/div><\/div><\/div><\/div><\/div><\/section>\n","protected":false},"excerpt":{"rendered":"","protected":false},"author":1,"featured_media":0,"parent":0,"menu_order":0,"comment_status":"closed","ping_status":"closed","template":"","meta":{"footnotes":""},"class_list":["post-124","page","type-page","status-publish","hentry"],"_links":{"self":[{"href":"https:\/\/lfdesigner.com.br\/index.php?rest_route=\/wp\/v2\/pages\/124"}],"collection":[{"href":"https:\/\/lfdesigner.com.br\/index.php?rest_route=\/wp\/v2\/pages"}],"about":[{"href":"https:\/\/lfdesigner.com.br\/index.php?rest_route=\/wp\/v2\/types\/page"}],"author":[{"embeddable":true,"href":"https:\/\/lfdesigner.com.br\/index.php?rest_route=\/wp\/v2\/users\/1"}],"replies":[{"embeddable":true,"href":"https:\/\/lfdesigner.com.br\/index.php?rest_route=%2Fwp%2Fv2%2Fcomments&post=124"}],"version-history":[{"count":15,"href":"https:\/\/lfdesigner.com.br\/index.php?rest_route=\/wp\/v2\/pages\/124\/revisions"}],"predecessor-version":[{"id":469,"href":"https:\/\/lfdesigner.com.br\/index.php?rest_route=\/wp\/v2\/pages\/124\/revisions\/469"}],"wp:attachment":[{"href":"https:\/\/lfdesigner.com.br\/index.php?rest_route=%2Fwp%2Fv2%2Fmedia&parent=124"}],"curies":[{"name":"wp","href":"https:\/\/api.w.org\/{rel}","templated":true}]}}